{"id":422,"date":"2012-03-18T18:14:16","date_gmt":"2012-03-18T17:14:16","guid":{"rendered":"http:\/\/calvayrac.net\/voyages\/?page_id=422"},"modified":"2019-05-12T17:12:48","modified_gmt":"2019-05-12T15:12:48","slug":"timeline","status":"publish","type":"page","link":"https:\/\/www.calvayrac.net\/voyages\/timeline\/","title":{"rendered":"TimeLine"},"content":{"rendered":"<table>\n<tbody>\n<tr>\n<td style=\"text-align: center;\" width=\"45%\"><\/td>\n<td style=\"vertical-align: middle;\" width=\"10%\">\n<h2 style=\"text-align: center;\"><span style=\"color: #000080;\"><strong>2019<\/strong><\/span><\/h2>\n<\/td>\n<td style=\"text-align: center;\" width=\"45%\"><\/td>\n<\/tr>\n<tr>\n<td width=\"45%\"><img loading=\"lazy\" decoding=\"async\" class=\"size-full wp-image-2818 aligncenter\" src=\"http:\/\/www.calvayrac.net\/voyages\/wp-content\/uploads\/2019\/05\/Manon2019.jpg\" alt=\"\" width=\"150\" height=\"150\" \/><\/td>\n<td width=\"10%\"><\/td>\n<td width=\"45%\"><img loading=\"lazy\" decoding=\"async\" class=\"size-full wp-image-2816 aligncenter\" src=\"http:\/\/www.calvayrac.net\/voyages\/wp-content\/uploads\/2019\/05\/Matteo2019.jpg\" alt=\"\" width=\"150\" height=\"150\" \/><\/td>\n<\/tr>\n<tr>\n<td style=\"text-align: center;\" width=\"45%\"><\/td>\n<td style=\"vertical-align: middle;\" width=\"10%\">\n<h2 style=\"text-align: center;\"><span style=\"color: #000080;\"><strong>2018<\/strong><\/span><\/h2>\n<\/td>\n<td style=\"text-align: center;\" width=\"45%\"><\/td>\n<\/tr>\n<tr>\n<td width=\"45%\"><img loading=\"lazy\" decoding=\"async\" class=\"size-full wp-image-2815 aligncenter\" src=\"http:\/\/www.calvayrac.net\/voyages\/wp-content\/uploads\/2019\/05\/Manon2018.jpg\" alt=\"\" width=\"150\" height=\"150\" \/><\/td>\n<td width=\"10%\"><\/td>\n<td width=\"45%\"><img loading=\"lazy\" decoding=\"async\" class=\"size-full wp-image-2817 aligncenter\" src=\"http:\/\/www.calvayrac.net\/voyages\/wp-content\/uploads\/2019\/05\/Matteo2018.jpg\" alt=\"\" width=\"150\" height=\"150\" \/><\/td>\n<\/tr>\n<tr>\n<td style=\"text-align: center;\" width=\"45%\"><\/td>\n<td style=\"vertical-align: middle;\" width=\"10%\">\n<h2 style=\"text-align: center;\"><span style=\"color: #000080;\"><strong>2017<\/strong><\/span><\/h2>\n<\/td>\n<td style=\"text-align: center;\" width=\"45%\"><\/td>\n<\/tr>\n<tr>\n<td width=\"45%\"><img loading=\"lazy\" decoding=\"async\" class=\"aligncenter wp-image-2182 size-full\" src=\"http:\/\/www.calvayrac.net\/voyages\/wp-content\/uploads\/2017\/09\/Manon2017.jpg\" alt=\"\" width=\"150\" height=\"150\" \/><\/td>\n<td width=\"10%\"><\/td>\n<td width=\"45%\"><img loading=\"lazy\" decoding=\"async\" class=\"aligncenter wp-image-2183 size-full\" src=\"http:\/\/www.calvayrac.net\/voyages\/wp-content\/uploads\/2017\/09\/Matteo2017.jpg\" alt=\"\" width=\"150\" height=\"150\" \/><\/td>\n<\/tr>\n<tr>\n<td style=\"text-align: center;\" width=\"45%\"><\/td>\n<td style=\"vertical-align: middle;\" width=\"10%\">\n<h2 style=\"text-align: center;\"><span style=\"color: #000080;\"><strong>2016<\/strong><\/span><\/h2>\n<\/td>\n<td style=\"text-align: center;\" width=\"45%\"><\/td>\n<\/tr>\n<tr>\n<td width=\"45%\"><img loading=\"lazy\" decoding=\"async\" class=\"aligncenter wp-image-1724 size-full\" src=\"http:\/\/www.calvayrac.net\/voyages\/wp-content\/uploads\/2016\/07\/Manon2016.jpg\" alt=\"Manon2016\" width=\"150\" height=\"150\" \/><\/td>\n<td width=\"10%\"><\/td>\n<td width=\"45%\"><img loading=\"lazy\" decoding=\"async\" class=\"aligncenter wp-image-1722 size-full\" src=\"http:\/\/www.calvayrac.net\/voyages\/wp-content\/uploads\/2016\/07\/Matteo2016.jpg\" alt=\"Matteo2016\" width=\"149\" height=\"150\" \/><\/td>\n<\/tr>\n<tr>\n<td style=\"text-align: center;\" width=\"45%\"><\/td>\n<td style=\"vertical-align: middle;\" width=\"10%\">\n<h2 style=\"text-align: center;\"><span style=\"color: #000080;\"><strong>2015<\/strong><\/span><\/h2>\n<\/td>\n<td style=\"text-align: center;\" width=\"45%\"><\/td>\n<\/tr>\n<tr>\n<td width=\"45%\"><img loading=\"lazy\" decoding=\"async\" class=\"aligncenter wp-image-1723 size-full\" src=\"http:\/\/www.calvayrac.net\/voyages\/wp-content\/uploads\/2016\/07\/Manon2015.jpg\" alt=\"Manon2015\" width=\"150\" height=\"150\" \/><\/td>\n<td width=\"10%\"><\/td>\n<td width=\"45%\"><img loading=\"lazy\" decoding=\"async\" class=\"aligncenter wp-image-1721 size-full\" src=\"http:\/\/www.calvayrac.net\/voyages\/wp-content\/uploads\/2016\/07\/Matteo2015.jpg\" alt=\"Matteo2015\" width=\"149\" height=\"150\" \/><\/td>\n<\/tr>\n<tr>\n<td style=\"text-align: center;\" width=\"45%\"><\/td>\n<td style=\"vertical-align: middle;\" width=\"10%\">\n<h2 style=\"text-align: center;\"><span style=\"color: #000080;\"><strong>2014<\/strong><\/span><\/h2>\n<\/td>\n<td style=\"text-align: center;\" width=\"45%\"><\/td>\n<\/tr>\n<tr>\n<td width=\"45%\"><a href=\"http:\/\/www.calvayrac.net\/voyages\/wp-content\/uploads\/2014\/11\/25122013-12-e1415543973730.jpg\" data-rel=\"penci-gallery-image-content\" ><img loading=\"lazy\" decoding=\"async\" class=\"aligncenter size-full wp-image-1417\" src=\"http:\/\/www.calvayrac.net\/voyages\/wp-content\/uploads\/2014\/11\/25122013-12-e1415543973730.jpg\" alt=\"25122013-12\" width=\"150\" height=\"150\" \/><\/a><\/td>\n<td width=\"10%\"><\/td>\n<td width=\"45%\"><a href=\"http:\/\/www.calvayrac.net\/voyages\/wp-content\/uploads\/2014\/11\/19012014-5-e1415544009746.jpg\" data-rel=\"penci-gallery-image-content\" ><img loading=\"lazy\" decoding=\"async\" class=\"aligncenter size-full wp-image-1418\" src=\"http:\/\/www.calvayrac.net\/voyages\/wp-content\/uploads\/2014\/11\/19012014-5-e1415544009746.jpg\" alt=\"19012014-5\" width=\"150\" height=\"150\" \/><\/a><\/td>\n<\/tr>\n<tr>\n<td style=\"text-align: center;\" width=\"45%\"><\/td>\n<td style=\"vertical-align: middle;\" width=\"10%\">\n<h2 style=\"text-align: center;\"><span style=\"color: #000080;\"><strong>2013<\/strong><\/span><\/h2>\n<\/td>\n<td style=\"text-align: center;\" width=\"45%\"><\/td>\n<\/tr>\n<tr>\n<td width=\"45%\"><a href=\"http:\/\/www.calvayrac.net\/voyages\/?attachment_id=728\"><img loading=\"lazy\" decoding=\"async\" class=\"aligncenter wp-image-728\" title=\"29072013-9-LQ-2\" src=\"http:\/\/www.calvayrac.net\/voyages\/wp-content\/uploads\/2013\/09\/29072013-9-LQ-2-300x300.jpg\" alt=\"\" width=\"150\" height=\"150\" srcset=\"https:\/\/www.calvayrac.net\/voyages\/wp-content\/uploads\/2013\/09\/29072013-9-LQ-2-300x300.jpg 300w, https:\/\/www.calvayrac.net\/voyages\/wp-content\/uploads\/2013\/09\/29072013-9-LQ-2-768x768.jpg 768w, https:\/\/www.calvayrac.net\/voyages\/wp-content\/uploads\/2013\/09\/29072013-9-LQ-2-585x585.jpg 585w, https:\/\/www.calvayrac.net\/voyages\/wp-content\/uploads\/2013\/09\/29072013-9-LQ-2.jpg 1000w\" sizes=\"(max-width: 150px) 100vw, 150px\" \/><\/a><\/td>\n<td width=\"10%\"><\/td>\n<td width=\"45%\"><a href=\"http:\/\/www.calvayrac.net\/voyages\/?attachment_id=729\"><img loading=\"lazy\" decoding=\"async\" class=\"aligncenter wp-image-729\" title=\"14072013-1-LQ\" src=\"http:\/\/www.calvayrac.net\/voyages\/wp-content\/uploads\/2013\/09\/14072013-1-LQ-300x300.jpg\" alt=\"\" width=\"150\" height=\"150\" srcset=\"https:\/\/www.calvayrac.net\/voyages\/wp-content\/uploads\/2013\/09\/14072013-1-LQ-300x300.jpg 300w, https:\/\/www.calvayrac.net\/voyages\/wp-content\/uploads\/2013\/09\/14072013-1-LQ-768x768.jpg 768w, https:\/\/www.calvayrac.net\/voyages\/wp-content\/uploads\/2013\/09\/14072013-1-LQ-585x585.jpg 585w, https:\/\/www.calvayrac.net\/voyages\/wp-content\/uploads\/2013\/09\/14072013-1-LQ.jpg 1000w\" sizes=\"(max-width: 150px) 100vw, 150px\" \/><\/a><\/td>\n<\/tr>\n<tr>\n<td style=\"text-align: center;\" width=\"45%\"><\/td>\n<td style=\"vertical-align: middle;\" width=\"10%\">\n<h2 style=\"text-align: center;\"><span style=\"color: #000080;\"><strong>2012<\/strong><\/span><\/h2>\n<\/td>\n<td style=\"text-align: center;\" width=\"45%\"><\/td>\n<\/tr>\n<tr>\n<td width=\"45%\">\u00a0<a href=\"http:\/\/www.calvayrac.net\/voyages\/timeline\/28022012-230-lq\/\" rel=\"attachment wp-att-147\"><img loading=\"lazy\" decoding=\"async\" class=\"aligncenter wp-image-147\" title=\"28022012-230-LQ\" src=\"http:\/\/calvayrac.net\/voyages\/wp-content\/uploads\/2012\/03\/28022012-230-LQ-300x300.jpg\" alt=\"\" width=\"150\" height=\"150\" srcset=\"https:\/\/www.calvayrac.net\/voyages\/wp-content\/uploads\/2012\/03\/28022012-230-LQ-300x300.jpg 300w, https:\/\/www.calvayrac.net\/voyages\/wp-content\/uploads\/2012\/03\/28022012-230-LQ-768x768.jpg 768w, https:\/\/www.calvayrac.net\/voyages\/wp-content\/uploads\/2012\/03\/28022012-230-LQ-585x585.jpg 585w, https:\/\/www.calvayrac.net\/voyages\/wp-content\/uploads\/2012\/03\/28022012-230-LQ.jpg 1000w\" sizes=\"(max-width: 150px) 100vw, 150px\" \/><\/a><\/td>\n<td width=\"10%\"><\/td>\n<td width=\"45%\">\u00a0<a href=\"http:\/\/www.calvayrac.net\/voyages\/les-auteurs\/28022012-197-lq\/\" rel=\"attachment wp-att-89\"><img loading=\"lazy\" decoding=\"async\" class=\"aligncenter wp-image-89\" title=\"28022012-197-LQ\" src=\"http:\/\/calvayrac.net\/voyages\/wp-content\/uploads\/2012\/03\/28022012-197-LQ-300x300.jpg\" alt=\"\" width=\"150\" height=\"150\" srcset=\"https:\/\/www.calvayrac.net\/voyages\/wp-content\/uploads\/2012\/03\/28022012-197-LQ-300x300.jpg 300w, https:\/\/www.calvayrac.net\/voyages\/wp-content\/uploads\/2012\/03\/28022012-197-LQ-768x768.jpg 768w, https:\/\/www.calvayrac.net\/voyages\/wp-content\/uploads\/2012\/03\/28022012-197-LQ-585x585.jpg 585w, https:\/\/www.calvayrac.net\/voyages\/wp-content\/uploads\/2012\/03\/28022012-197-LQ.jpg 1000w\" sizes=\"(max-width: 150px) 100vw, 150px\" \/><\/a><\/td>\n<\/tr>\n<tr>\n<td style=\"text-align: center;\" width=\"45%\"><\/td>\n<td style=\"text-align: center;\" width=\"10%\">\n<h2><span style=\"color: #000080;\"><strong>2011<\/strong><\/span><\/h2>\n<\/td>\n<td style=\"text-align: center;\" width=\"45%\"><\/td>\n<\/tr>\n<tr>\n<td width=\"45%\">\u00a0<a href=\"http:\/\/www.calvayrac.net\/voyages\/timeline\/manon2011\/\" rel=\"attachment wp-att-423\"><img loading=\"lazy\" decoding=\"async\" class=\"aligncenter size-full wp-image-423\" title=\"manon2011\" src=\"http:\/\/calvayrac.net\/voyages\/wp-content\/uploads\/2012\/03\/manon2011.jpg\" alt=\"\" width=\"150\" height=\"150\" \/><\/a><\/td>\n<td width=\"10%\"><\/td>\n<td width=\"45%\">\u00a0<a href=\"http:\/\/www.calvayrac.net\/voyages\/timeline\/matteo2011\/\" rel=\"attachment wp-att-424\"><img loading=\"lazy\" decoding=\"async\" class=\"aligncenter size-full wp-image-424\" title=\"matteo2011\" src=\"http:\/\/calvayrac.net\/voyages\/wp-content\/uploads\/2012\/03\/matteo2011.jpg\" alt=\"\" width=\"150\" height=\"150\" \/><\/a><\/td>\n<\/tr>\n<tr>\n<td style=\"text-align: center;\" width=\"45%\"><\/td>\n<td style=\"text-align: center;\" width=\"10%\">\n<h2><span style=\"color: #000080;\"><strong> 2010<\/strong><\/span><\/h2>\n<\/td>\n<td style=\"text-align: center;\" width=\"45%\"><\/td>\n<\/tr>\n<tr>\n<td width=\"45%\"><a href=\"http:\/\/www.calvayrac.net\/voyages\/timeline\/manon2010\/\" rel=\"attachment wp-att-426\"><img loading=\"lazy\" decoding=\"async\" class=\"aligncenter size-full wp-image-426\" title=\"manon2010\" src=\"http:\/\/calvayrac.net\/voyages\/wp-content\/uploads\/2012\/03\/manon2010.jpg\" alt=\"\" width=\"150\" height=\"150\" \/><\/a><\/td>\n<td width=\"10%\"><\/td>\n<td width=\"45%\"><a href=\"http:\/\/www.calvayrac.net\/voyages\/timeline\/matteo2010\/\" rel=\"attachment wp-att-425\"><img loading=\"lazy\" decoding=\"async\" class=\"aligncenter size-full wp-image-425\" title=\"matteo2010\" src=\"http:\/\/calvayrac.net\/voyages\/wp-content\/uploads\/2012\/03\/matteo2010.jpg\" alt=\"\" width=\"150\" height=\"150\" \/><\/a><\/td>\n<\/tr>\n<tr>\n<td style=\"text-align: center;\" width=\"45%\"><\/td>\n<td style=\"text-align: center;\" width=\"10%\">\n<h2><span style=\"color: #000080;\"><strong> 2009<\/strong><\/span><\/h2>\n<\/td>\n<td style=\"text-align: center;\" width=\"45%\"><\/td>\n<\/tr>\n<tr>\n<td width=\"45%\"><a href=\"http:\/\/www.calvayrac.net\/voyages\/timeline\/manon2009\/\" rel=\"attachment wp-att-436\"><img loading=\"lazy\" decoding=\"async\" class=\"aligncenter size-full wp-image-436\" title=\"manon2009\" src=\"http:\/\/calvayrac.net\/voyages\/wp-content\/uploads\/2012\/03\/manon2009.jpg\" alt=\"\" width=\"150\" height=\"150\" \/><\/a><\/td>\n<td width=\"10%\"><\/td>\n<td width=\"45%\"><a href=\"http:\/\/www.calvayrac.net\/voyages\/timeline\/matteo2009\/\" rel=\"attachment wp-att-435\"><img loading=\"lazy\" decoding=\"async\" class=\"aligncenter size-full wp-image-435\" title=\"matteo2009\" src=\"http:\/\/calvayrac.net\/voyages\/wp-content\/uploads\/2012\/03\/matteo2009.jpg\" alt=\"\" width=\"150\" height=\"150\" \/><\/a><\/td>\n<\/tr>\n<tr>\n<td style=\"text-align: center;\" width=\"45%\"><\/td>\n<td style=\"text-align: center;\" width=\"10%\">\n<h2><span style=\"color: #000080;\"><strong> 2008<\/strong><\/span><\/h2>\n<\/td>\n<td style=\"text-align: center;\" width=\"45%\"><\/td>\n<\/tr>\n<tr>\n<td width=\"45%\"><a href=\"http:\/\/www.calvayrac.net\/voyages\/timeline\/manon2008\/\" rel=\"attachment wp-att-440\"><img loading=\"lazy\" decoding=\"async\" class=\"aligncenter size-full wp-image-440\" title=\"manon2008\" src=\"http:\/\/calvayrac.net\/voyages\/wp-content\/uploads\/2012\/03\/manon2008.jpg\" alt=\"\" width=\"150\" height=\"150\" \/><\/a><\/td>\n<td width=\"10%\"><\/td>\n<td width=\"45%\"><a href=\"http:\/\/www.calvayrac.net\/voyages\/timeline\/matteo2008\/\" rel=\"attachment wp-att-439\"><img loading=\"lazy\" decoding=\"async\" class=\"aligncenter size-full wp-image-439\" title=\"matteo2008\" src=\"http:\/\/calvayrac.net\/voyages\/wp-content\/uploads\/2012\/03\/matteo2008.jpg\" alt=\"\" width=\"150\" height=\"150\" \/><\/a><\/td>\n<\/tr>\n<tr>\n<td style=\"text-align: center;\" width=\"45%\"><\/td>\n<td style=\"text-align: center;\" width=\"10%\">\n<h2><span style=\"color: #000080;\"><strong>2007<\/strong><\/span><\/h2>\n<\/td>\n<td style=\"text-align: center;\" width=\"45%\"><\/td>\n<\/tr>\n<tr>\n<td width=\"45%\"><a href=\"http:\/\/www.calvayrac.net\/voyages\/timeline\/manon2007\/\" rel=\"attachment wp-att-447\"><img loading=\"lazy\" decoding=\"async\" class=\"aligncenter size-full wp-image-447\" title=\"manon2007\" src=\"http:\/\/calvayrac.net\/voyages\/wp-content\/uploads\/2012\/03\/manon2007.jpg\" alt=\"\" width=\"150\" height=\"150\" \/><\/a><\/td>\n<td width=\"10%\"><\/td>\n<td width=\"45%\"><a href=\"http:\/\/www.calvayrac.net\/voyages\/timeline\/matteo2007\/\" rel=\"attachment wp-att-448\"><img loading=\"lazy\" decoding=\"async\" class=\"aligncenter size-full wp-image-448\" title=\"matteo2007\" src=\"http:\/\/calvayrac.net\/voyages\/wp-content\/uploads\/2012\/03\/matteo2007.jpg\" alt=\"\" width=\"150\" height=\"150\" \/><\/a><\/td>\n<\/tr>\n<tr>\n<td style=\"text-align: center;\" width=\"45%\"><\/td>\n<td style=\"text-align: center;\" width=\"10%\">\n<h2><span style=\"color: #000080;\"><strong>2006<\/strong><\/span><\/h2>\n<\/td>\n<td style=\"text-align: center;\" width=\"45%\"><\/td>\n<\/tr>\n<tr>\n<td width=\"45%\"><a href=\"http:\/\/www.calvayrac.net\/voyages\/timeline\/manon2006\/\" rel=\"attachment wp-att-446\"><img loading=\"lazy\" decoding=\"async\" class=\"aligncenter size-full wp-image-446\" title=\"manon2006\" src=\"http:\/\/calvayrac.net\/voyages\/wp-content\/uploads\/2012\/03\/manon2006.jpg\" alt=\"\" width=\"150\" height=\"150\" \/><\/a><\/td>\n<td width=\"10%\"><\/td>\n<td width=\"45%\"><a href=\"http:\/\/www.calvayrac.net\/voyages\/timeline\/matteoa2006\/\" rel=\"attachment wp-att-445\"><img loading=\"lazy\" decoding=\"async\" class=\"aligncenter size-full wp-image-445\" title=\"matteoa2006\" src=\"http:\/\/calvayrac.net\/voyages\/wp-content\/uploads\/2012\/03\/matteoa2006.jpg\" alt=\"\" width=\"150\" height=\"150\" \/><\/a><\/td>\n<\/tr>\n<tr>\n<td style=\"text-align: center;\" width=\"45%\"><\/td>\n<td style=\"text-align: center;\" width=\"10%\">\n<h2><span style=\"color: #000080;\"><strong>2005<\/strong><\/span><\/h2>\n<\/td>\n<td style=\"text-align: center;\" width=\"45%\"><\/td>\n<\/tr>\n<tr>\n<td width=\"45%\"><a href=\"http:\/\/www.calvayrac.net\/voyages\/timeline\/manon2005\/\" rel=\"attachment wp-att-457\"><img loading=\"lazy\" decoding=\"async\" class=\"aligncenter size-full wp-image-457\" title=\"manon2005\" src=\"http:\/\/calvayrac.net\/voyages\/wp-content\/uploads\/2012\/03\/manon2005.jpg\" alt=\"\" width=\"150\" height=\"150\" \/><\/a><\/td>\n<td width=\"10%\"><\/td>\n<td width=\"45%\"><a href=\"http:\/\/www.calvayrac.net\/voyages\/timeline\/matteo2005\/\" rel=\"attachment wp-att-460\"><img loading=\"lazy\" decoding=\"async\" class=\"aligncenter size-full wp-image-460\" title=\"matteo2005\" src=\"http:\/\/calvayrac.net\/voyages\/wp-content\/uploads\/2012\/03\/matteo2005.jpg\" alt=\"\" width=\"150\" height=\"150\" \/><\/a><\/td>\n<\/tr>\n<tr>\n<td style=\"text-align: center;\" width=\"45%\"><\/td>\n<td style=\"text-align: center;\" width=\"10%\">\n<h2><span style=\"color: #000080;\"><strong>2004<\/strong><\/span><\/h2>\n<\/td>\n<td style=\"text-align: center;\" width=\"45%\"><\/td>\n<\/tr>\n<tr>\n<td width=\"45%\"><a href=\"http:\/\/www.calvayrac.net\/voyages\/timeline\/manon2004\/\" rel=\"attachment wp-att-456\"><img loading=\"lazy\" decoding=\"async\" class=\"aligncenter size-full wp-image-456\" title=\"manon2004\" src=\"http:\/\/calvayrac.net\/voyages\/wp-content\/uploads\/2012\/03\/manon2004.jpg\" alt=\"\" width=\"150\" height=\"150\" \/><\/a><\/td>\n<td width=\"10%\"><\/td>\n<td width=\"45%\"><\/td>\n<\/tr>\n<tr>\n<td style=\"text-align: center;\" width=\"45%\"><\/td>\n<td style=\"text-align: center;\" width=\"10%\">\n<h2><span style=\"color: #000080;\"><strong>2003<\/strong><\/span><\/h2>\n<\/td>\n<td style=\"text-align: center;\" width=\"45%\"><\/td>\n<\/tr>\n<tr>\n<td width=\"45%\"><a href=\"http:\/\/www.calvayrac.net\/voyages\/timeline\/manon2003\/\" rel=\"attachment wp-att-455\"><img loading=\"lazy\" decoding=\"async\" class=\"aligncenter size-full wp-image-455\" title=\"manon2003\" src=\"http:\/\/calvayrac.net\/voyages\/wp-content\/uploads\/2012\/03\/manon2003.jpg\" alt=\"\" width=\"150\" height=\"150\" \/><\/a><\/td>\n<td width=\"10%\"><\/td>\n<td width=\"45%\"><\/td>\n<\/tr>\n<tr>\n<td style=\"text-align: center;\" width=\"45%\"><\/td>\n<td style=\"text-align: center;\" width=\"10%\">\n<h2><span style=\"color: #000080;\"><strong>2002<\/strong><\/span><\/h2>\n<\/td>\n<td style=\"text-align: center;\" width=\"45%\"><\/td>\n<\/tr>\n<tr>\n<td width=\"45%\"><a href=\"http:\/\/www.calvayrac.net\/voyages\/timeline\/manon2002\/\" rel=\"attachment wp-att-454\"><img loading=\"lazy\" decoding=\"async\" class=\"aligncenter size-full wp-image-454\" title=\"manon2002\" src=\"http:\/\/calvayrac.net\/voyages\/wp-content\/uploads\/2012\/03\/manon2002.jpg\" alt=\"\" width=\"150\" height=\"150\" \/><\/a><\/td>\n<td width=\"10%\"><\/td>\n<td width=\"45%\"><\/td>\n<\/tr>\n<tr>\n<td style=\"text-align: center;\" width=\"45%\"><\/td>\n<td style=\"text-align: center;\" width=\"10%\">\n<h2><span style=\"color: #000080;\"><strong>2001<\/strong><\/span><\/h2>\n<\/td>\n<td style=\"text-align: center;\" width=\"45%\"><\/td>\n<\/tr>\n<tr>\n<td width=\"45%\"><a href=\"http:\/\/www.calvayrac.net\/voyages\/timeline\/manon2001\/\" rel=\"attachment wp-att-453\"><img loading=\"lazy\" decoding=\"async\" class=\"aligncenter size-full wp-image-453\" title=\"manon2001\" src=\"http:\/\/calvayrac.net\/voyages\/wp-content\/uploads\/2012\/03\/manon2001.jpg\" alt=\"\" width=\"150\" height=\"150\" \/><\/a><\/td>\n<td width=\"10%\"><\/td>\n<td width=\"45%\"><\/td>\n<\/tr>\n<tr>\n<td style=\"text-align: center;\" width=\"45%\"><\/td>\n<td style=\"text-align: center;\" width=\"10%\">\n<h2><span style=\"color: #000080;\"><strong>2000<\/strong><\/span><\/h2>\n<\/td>\n<td style=\"text-align: center;\" width=\"45%\"><\/td>\n<\/tr>\n<tr>\n<td width=\"45%\"><a href=\"http:\/\/www.calvayrac.net\/voyages\/timeline\/manon2000\/\" rel=\"attachment wp-att-452\"><img loading=\"lazy\" decoding=\"async\" class=\"aligncenter size-full wp-image-452\" title=\"manon2000\" src=\"http:\/\/calvayrac.net\/voyages\/wp-content\/uploads\/2012\/03\/manon2000.jpg\" alt=\"\" width=\"150\" height=\"150\" \/><\/a><\/td>\n<td width=\"10%\"><\/td>\n<td width=\"45%\"><\/td>\n<\/tr>\n<\/tbody>\n<\/table>\n","protected":false},"excerpt":{"rendered":"<p>2019 2018 2017 2016 2015 2014 2013 2012 \u00a0 \u00a0 2011 \u00a0 \u00a0 2010 2009 2008 2007 2006 2005 2004 2003 2002 2001 2000<\/p>\n","protected":false},"author":2,"featured_media":0,"parent":0,"menu_order":0,"comment_status":"open","ping_status":"closed","template":"","meta":{"_monsterinsights_skip_tracking":false,"_monsterinsights_sitenote_active":false,"_monsterinsights_sitenote_note":"","_monsterinsights_sitenote_category":0,"footnotes":""},"class_list":["post-422","page","type-page","status-publish","hentry"],"yoast_head":"<!-- This site is optimized with the Yoast SEO plugin v23.6 - https:\/\/yoast.com\/wordpress\/plugins\/seo\/ -->\n<title>La TimeLine de la famille Calvayrac-Malnoue<\/title>\n<meta name=\"description\" content=\"D\u00e9couvrez les reportage photos de nos s\u00e9jours au Costa Rica, Tha\u00eflande, Kenya, Sicile, New York\" \/>\n<meta name=\"robots\" content=\"index, follow, max-snippet:-1, max-image-preview:large, max-video-preview:-1\" \/>\n<link rel=\"canonical\" href=\"http:\/\/www.calvayrac.net\/voyages\/timeline\/\" \/>\n<script type=\"application\/ld+json\" class=\"yoast-schema-graph\">{\"@context\":\"https:\/\/schema.org\",\"@graph\":[{\"@type\":\"WebPage\",\"@id\":\"http:\/\/www.calvayrac.net\/voyages\/timeline\/\",\"url\":\"http:\/\/www.calvayrac.net\/voyages\/timeline\/\",\"name\":\"La TimeLine de la famille Calvayrac-Malnoue\",\"isPartOf\":{\"@id\":\"http:\/\/www.calvayrac.net\/voyages\/#website\"},\"primaryImageOfPage\":{\"@id\":\"http:\/\/www.calvayrac.net\/voyages\/timeline\/#primaryimage\"},\"image\":{\"@id\":\"http:\/\/www.calvayrac.net\/voyages\/timeline\/#primaryimage\"},\"thumbnailUrl\":\"http:\/\/www.calvayrac.net\/voyages\/wp-content\/uploads\/2019\/05\/Manon2019.jpg\",\"datePublished\":\"2012-03-18T17:14:16+00:00\",\"dateModified\":\"2019-05-12T15:12:48+00:00\",\"description\":\"D\u00e9couvrez les reportage photos de nos s\u00e9jours au Costa Rica, Tha\u00eflande, Kenya, Sicile, New York\",\"inLanguage\":\"fr-FR\",\"potentialAction\":[{\"@type\":\"ReadAction\",\"target\":[\"http:\/\/www.calvayrac.net\/voyages\/timeline\/\"]}]},{\"@type\":\"ImageObject\",\"inLanguage\":\"fr-FR\",\"@id\":\"http:\/\/www.calvayrac.net\/voyages\/timeline\/#primaryimage\",\"url\":\"https:\/\/www.calvayrac.net\/voyages\/wp-content\/uploads\/2019\/05\/Manon2019.jpg\",\"contentUrl\":\"https:\/\/www.calvayrac.net\/voyages\/wp-content\/uploads\/2019\/05\/Manon2019.jpg\",\"width\":150,\"height\":150},{\"@type\":\"WebSite\",\"@id\":\"http:\/\/www.calvayrac.net\/voyages\/#website\",\"url\":\"http:\/\/www.calvayrac.net\/voyages\/\",\"name\":\"Carnet de Voyages\",\"description\":\"Le Blog de la famille Calvayrac-Malnoue\",\"publisher\":{\"@id\":\"http:\/\/www.calvayrac.net\/voyages\/#\/schema\/person\/4b35be4680029a858702884cee92b2d6\"},\"potentialAction\":[{\"@type\":\"SearchAction\",\"target\":{\"@type\":\"EntryPoint\",\"urlTemplate\":\"http:\/\/www.calvayrac.net\/voyages\/?s={search_term_string}\"},\"query-input\":{\"@type\":\"PropertyValueSpecification\",\"valueRequired\":true,\"valueName\":\"search_term_string\"}}],\"inLanguage\":\"fr-FR\"},{\"@type\":[\"Person\",\"Organization\"],\"@id\":\"http:\/\/www.calvayrac.net\/voyages\/#\/schema\/person\/4b35be4680029a858702884cee92b2d6\",\"name\":\"Denis Calvayrac\",\"image\":{\"@type\":\"ImageObject\",\"inLanguage\":\"fr-FR\",\"@id\":\"http:\/\/www.calvayrac.net\/voyages\/#\/schema\/person\/image\/\",\"url\":\"https:\/\/secure.gravatar.com\/avatar\/f201a6aa8d9d1c8ee40d95b156bffdb8?s=96&d=mm&r=g\",\"contentUrl\":\"https:\/\/secure.gravatar.com\/avatar\/f201a6aa8d9d1c8ee40d95b156bffdb8?s=96&d=mm&r=g\",\"caption\":\"Denis Calvayrac\"},\"logo\":{\"@id\":\"http:\/\/www.calvayrac.net\/voyages\/#\/schema\/person\/image\/\"}}]}<\/script>\n<!-- \/ Yoast SEO plugin. -->","yoast_head_json":{"title":"La TimeLine de la famille Calvayrac-Malnoue","description":"D\u00e9couvrez les reportage photos de nos s\u00e9jours au Costa Rica, Tha\u00eflande, Kenya, Sicile, New York","robots":{"index":"index","follow":"follow","max-snippet":"max-snippet:-1","max-image-preview":"max-image-preview:large","max-video-preview":"max-video-preview:-1"},"canonical":"http:\/\/www.calvayrac.net\/voyages\/timeline\/","schema":{"@context":"https:\/\/schema.org","@graph":[{"@type":"WebPage","@id":"http:\/\/www.calvayrac.net\/voyages\/timeline\/","url":"http:\/\/www.calvayrac.net\/voyages\/timeline\/","name":"La TimeLine de la famille Calvayrac-Malnoue","isPartOf":{"@id":"http:\/\/www.calvayrac.net\/voyages\/#website"},"primaryImageOfPage":{"@id":"http:\/\/www.calvayrac.net\/voyages\/timeline\/#primaryimage"},"image":{"@id":"http:\/\/www.calvayrac.net\/voyages\/timeline\/#primaryimage"},"thumbnailUrl":"http:\/\/www.calvayrac.net\/voyages\/wp-content\/uploads\/2019\/05\/Manon2019.jpg","datePublished":"2012-03-18T17:14:16+00:00","dateModified":"2019-05-12T15:12:48+00:00","description":"D\u00e9couvrez les reportage photos de nos s\u00e9jours au Costa Rica, Tha\u00eflande, Kenya, Sicile, New York","inLanguage":"fr-FR","potentialAction":[{"@type":"ReadAction","target":["http:\/\/www.calvayrac.net\/voyages\/timeline\/"]}]},{"@type":"ImageObject","inLanguage":"fr-FR","@id":"http:\/\/www.calvayrac.net\/voyages\/timeline\/#primaryimage","url":"https:\/\/www.calvayrac.net\/voyages\/wp-content\/uploads\/2019\/05\/Manon2019.jpg","contentUrl":"https:\/\/www.calvayrac.net\/voyages\/wp-content\/uploads\/2019\/05\/Manon2019.jpg","width":150,"height":150},{"@type":"WebSite","@id":"http:\/\/www.calvayrac.net\/voyages\/#website","url":"http:\/\/www.calvayrac.net\/voyages\/","name":"Carnet de Voyages","description":"Le Blog de la famille Calvayrac-Malnoue","publisher":{"@id":"http:\/\/www.calvayrac.net\/voyages\/#\/schema\/person\/4b35be4680029a858702884cee92b2d6"},"potentialAction":[{"@type":"SearchAction","target":{"@type":"EntryPoint","urlTemplate":"http:\/\/www.calvayrac.net\/voyages\/?s={search_term_string}"},"query-input":{"@type":"PropertyValueSpecification","valueRequired":true,"valueName":"search_term_string"}}],"inLanguage":"fr-FR"},{"@type":["Person","Organization"],"@id":"http:\/\/www.calvayrac.net\/voyages\/#\/schema\/person\/4b35be4680029a858702884cee92b2d6","name":"Denis Calvayrac","image":{"@type":"ImageObject","inLanguage":"fr-FR","@id":"http:\/\/www.calvayrac.net\/voyages\/#\/schema\/person\/image\/","url":"https:\/\/secure.gravatar.com\/avatar\/f201a6aa8d9d1c8ee40d95b156bffdb8?s=96&d=mm&r=g","contentUrl":"https:\/\/secure.gravatar.com\/avatar\/f201a6aa8d9d1c8ee40d95b156bffdb8?s=96&d=mm&r=g","caption":"Denis Calvayrac"},"logo":{"@id":"http:\/\/www.calvayrac.net\/voyages\/#\/schema\/person\/image\/"}}]}},"_links":{"self":[{"href":"https:\/\/www.calvayrac.net\/voyages\/wp-json\/wp\/v2\/pages\/422"}],"collection":[{"href":"https:\/\/www.calvayrac.net\/voyages\/wp-json\/wp\/v2\/pages"}],"about":[{"href":"https:\/\/www.calvayrac.net\/voyages\/wp-json\/wp\/v2\/types\/page"}],"author":[{"embeddable":true,"href":"https:\/\/www.calvayrac.net\/voyages\/wp-json\/wp\/v2\/users\/2"}],"replies":[{"embeddable":true,"href":"https:\/\/www.calvayrac.net\/voyages\/wp-json\/wp\/v2\/comments?post=422"}],"version-history":[{"count":33,"href":"https:\/\/www.calvayrac.net\/voyages\/wp-json\/wp\/v2\/pages\/422\/revisions"}],"predecessor-version":[{"id":2820,"href":"https:\/\/www.calvayrac.net\/voyages\/wp-json\/wp\/v2\/pages\/422\/revisions\/2820"}],"wp:attachment":[{"href":"https:\/\/www.calvayrac.net\/voyages\/wp-json\/wp\/v2\/media?parent=422"}],"curies":[{"name":"wp","href":"https:\/\/api.w.org\/{rel}","templated":true}]}}